{"id":4981,"date":"2019-07-27T19:36:19","date_gmt":"2019-07-27T19:36:19","guid":{"rendered":"https:\/\/fsimoes.pt\/media\/"},"modified":"2023-09-27T08:31:01","modified_gmt":"2023-09-27T08:31:01","slug":"media","status":"publish","type":"page","link":"https:\/\/fsimoes.pt\/en\/media\/","title":{"rendered":"Media"},"content":{"rendered":"<section class=\"wpb-content-wrapper\"><p>[vc_row overlay_dotted=&#8221;&#8221;][vc_column width=&#8221;1\/12&#8243;][\/vc_column][vc_column width=&#8221;1\/6&#8243;][\/vc_column][vc_column width=&#8221;1\/6&#8243;][vc_single_image image=&#8221;4200&#8243; img_size=&#8221;252&#215;336&#8243; alignment=&#8221;center&#8221; onclick=&#8221;custom_link&#8221; link=&#8221;http:\/\/fsimoes.pt\/en\/madalena\/&#8221;][vc_column_text]<\/p>\n<h4 style=\"text-align: center;\"><strong><span style=\"color: #000000;\"><a style=\"color: #000000;\" href=\"https:\/\/fsimoes.pt\/en\/madalena\/\">Madalena<\/a><\/span><\/strong><\/h4>\n<p style=\"text-align: center;\">V\u00eddeo<\/p>\n<p>[\/vc_column_text][\/vc_column][vc_column width=&#8221;1\/6&#8243;][vc_single_image image=&#8221;2297&#8243; img_size=&#8221;252&#215;336&#8243; alignment=&#8221;center&#8221; onclick=&#8221;custom_link&#8221; link=&#8221;http:\/\/fsimoes.pt\/en\/restelo\/&#8221;][vc_column_text]<\/p>\n<h4 style=\"text-align: center;\"><strong><span style=\"color: #000000;\"><a style=\"color: #000000;\" href=\"https:\/\/fsimoes.pt\/en\/restelo\/\">Restelo Business Center<\/a><\/span><\/strong><\/h4>\n<p style=\"text-align: center;\">V\u00eddeo<\/p>\n<p>[\/vc_column_text][\/vc_column][vc_column width=&#8221;1\/6&#8243;][vc_single_image image=&#8221;2286&#8243; img_size=&#8221;252&#215;336&#8243; alignment=&#8221;center&#8221; onclick=&#8221;custom_link&#8221; link=&#8221;http:\/\/fsimoes.pt\/en\/quinta-do-cerrado\/&#8221;][vc_column_text]<\/p>\n<h4 style=\"text-align: center;\"><strong><span style=\"color: #000000;\"><a style=\"color: #000000;\" href=\"http:\/\/fsimoes.pt\/quinta-do-cerrado\/\">Quinta do Cerrado<\/a><\/span><\/strong><\/h4>\n<p style=\"text-align: center;\">V\u00eddeo<\/p>\n<p>[\/vc_column_text][\/vc_column][vc_column width=&#8221;1\/6&#8243;][\/vc_column][vc_column width=&#8221;1\/12&#8243;][\/vc_column][\/vc_row][vc_row][vc_column][vc_empty_space][\/vc_column][\/vc_row][vc_row overlay_dotted=&#8221;&#8221;][vc_column width=&#8221;1\/12&#8243;][\/vc_column][vc_column width=&#8221;1\/6&#8243;][\/vc_column][vc_column width=&#8221;1\/6&#8243;][vc_single_image image=&#8221;2118&#8243; img_size=&#8221;252&#215;336&#8243; alignment=&#8221;center&#8221; onclick=&#8221;custom_link&#8221; link=&#8221;http:\/\/fsimoes.pt\/en\/edificio-bloom\/&#8221;][vc_column_text]<\/p>\n<h4 style=\"text-align: center;\"><strong><span style=\"color: #000000;\"><a style=\"color: #000000;\" href=\"https:\/\/fsimoes.pt\/en\/edificio-bloom\/\">Edif\u00edcio Bloom<\/a><\/span><\/strong><\/h4>\n<p style=\"text-align: center;\">Anteprojectos magazine<\/p>\n<p style=\"text-align: center;\">Espa\u00e7os &amp; Casas magazine<\/p>\n<p>[\/vc_column_text][\/vc_column][vc_column width=&#8221;1\/6&#8243;][vc_single_image image=&#8221;4309&#8243; img_size=&#8221;252&#215;336&#8243; alignment=&#8221;center&#8221; onclick=&#8221;custom_link&#8221; link=&#8221;https:\/\/fsimoes.pt\/en\/janelas-verdes\/&#8221;][vc_column_text]<\/p>\n<h4 style=\"text-align: center;\"><strong><span style=\"color: #000000;\"><a style=\"color: #000000;\" href=\"https:\/\/fsimoes.pt\/en\/janelas-verdes\/\">Janelas Verdes<\/a><\/span><\/strong><\/h4>\n<p style=\"text-align: center;\">Anteprojectos magazine<\/p>\n<p>[\/vc_column_text][\/vc_column][vc_column width=&#8221;1\/6&#8243;][vc_single_image image=&#8221;2962&#8243; img_size=&#8221;252&#215;336&#8243; alignment=&#8221;center&#8221; onclick=&#8221;custom_link&#8221; link=&#8221;http:\/\/fsimoes.pt\/en\/villa-carlos\/&#8221;][vc_column_text]<\/p>\n<h4 style=\"text-align: center;\"><span style=\"color: #000000;\"><strong><a style=\"color: #000000;\" href=\"https:\/\/fsimoes.pt\/en\/villa-carlos\/\">Villa Carlos<\/a><\/strong><\/span><\/h4>\n<p style=\"text-align: center;\">AutoCAD magazine<\/p>\n<p style=\"text-align: center;\">Espacios Interiores magazine<\/p>\n<p>[\/vc_column_text][\/vc_column][vc_column width=&#8221;1\/6&#8243;][\/vc_column][vc_column width=&#8221;1\/12&#8243;][\/vc_column][\/vc_row][vc_row][vc_column][vc_empty_space][\/vc_column][\/vc_row]<\/p>\n<\/section>","protected":false},"excerpt":{"rendered":"[vc_row overlay_dotted=&#8221;&#8221;][vc_column width=&#8221;1\/12&#8243;][\/vc_column][vc_column width=&#8221;1\/6&#8243;][\/vc_column][vc_column width=&#8221;1\/6&#8243;][vc_single_image image=&#8221;4200&#8243; img_size=&#8221;252&#215;336&#8243; alignment=&#8221;center&#8221; onclick=&#8221;custom_link&#8221; link=&#8221;http:\/\/fsimoes.pt\/en\/madalena\/&#8221;][vc_column_text] Madalena V\u00eddeo [\/vc_column_text][\/vc_column][vc_column width=&#8221;1\/6&#8243;][vc_single_image image=&#8221;2297&#8243; img_size=&#8221;252&#215;336&#8243; alignment=&#8221;center&#8221; onclick=&#8221;custom_link&#8221; link=&#8221;http:\/\/fsimoes.pt\/en\/restelo\/&#8221;][vc_column_text] Restelo Business Center V\u00eddeo [\/vc_column_text][\/vc_column][vc_column width=&#8221;1\/6&#8243;][vc_single_image image=&#8221;2286&#8243; img_size=&#8221;252&#215;336&#8243; alignment=&#8221;center&#8221; onclick=&#8221;custom_link&#8221; link=&#8221;http:\/\/fsimoes.pt\/en\/quinta-do-cerrado\/&#8221;][vc_column_text] Quinta do Cerrado V\u00eddeo [\/vc_column_text][\/vc_column][vc_column width=&#8221;1\/6&#8243;][\/vc_column][vc_column width=&#8221;1\/12&#8243;][\/vc_column][\/vc_row][vc_row][vc_column][vc_empty_space][\/vc_column][\/vc_row][vc_row overlay_dotted=&#8221;&#8221;][vc_column width=&#8221;1\/12&#8243;][\/vc_column][vc_column width=&#8221;1\/6&#8243;][\/vc_column][vc_column width=&#8221;1\/6&#8243;][vc_single_image image=&#8221;2118&#8243; img_size=&#8221;252&#215;336&#8243; alignment=&#8221;center&#8221; onclick=&#8221;custom_link&#8221; link=&#8221;http:\/\/fsimoes.pt\/en\/edificio-bloom\/&#8221;][vc_column_text] Edif\u00edcio Bloom Anteprojectos magazine Espa\u00e7os &amp; Casas magazine [\/vc_column_text][\/vc_column][vc_column&#8230;","protected":false},"author":8,"featured_media":0,"parent":0,"menu_order":0,"comment_status":"closed","ping_status":"closed","template":"","meta":{"footnotes":""},"class_list":["post-4981","page","type-page","status-publish","hentry"],"yoast_head":"<!-- This site is optimized with the Yoast SEO plugin v26.1.1 - https:\/\/yoast.com\/wordpress\/plugins\/seo\/ -->\n<title>Media | FSIMOES Arquitectos Associados<\/title>\n<meta name=\"description\" content=\"Media | FSIMOES Arquitectos Associados\" \/>\n<meta name=\"robots\" content=\"index, follow, max-snippet:-1, max-image-preview:large, max-video-preview:-1\" \/>\n<link rel=\"canonical\" href=\"https:\/\/fsimoes.pt\/media\/\" \/>\n<meta property=\"og:locale\" content=\"en_US\" \/>\n<meta property=\"og:type\" content=\"article\" \/>\n<meta property=\"og:title\" content=\"Media | FSIMOES Arquitectos Associados\" \/>\n<meta property=\"og:description\" content=\"Media | FSIMOES Arquitectos Associados\" \/>\n<meta property=\"og:url\" content=\"https:\/\/fsimoes.pt\/media\/\" \/>\n<meta property=\"og:site_name\" content=\"FSIMOES Arquitectos Associados\" \/>\n<meta property=\"article:publisher\" content=\"https:\/\/www.facebook.com\/fsimoes.arq\/\" \/>\n<meta property=\"article:modified_time\" content=\"2023-09-27T08:31:01+00:00\" \/>\n<meta name=\"twitter:card\" content=\"summary_large_image\" \/>\n<meta name=\"twitter:site\" content=\"@fsimoesarq\" \/>\n<meta name=\"twitter:label1\" content=\"Est. reading time\" \/>\n\t<meta name=\"twitter:data1\" content=\"1 minute\" \/>\n<script type=\"application\/ld+json\" class=\"yoast-schema-graph\">{\"@context\":\"https:\/\/schema.org\",\"@graph\":[{\"@type\":\"WebPage\",\"@id\":\"https:\/\/fsimoes.pt\/media\/\",\"url\":\"https:\/\/fsimoes.pt\/media\/\",\"name\":\"Media | FSIMOES Arquitectos Associados\",\"isPartOf\":{\"@id\":\"https:\/\/fsimoes.pt\/#website\"},\"datePublished\":\"2019-07-27T19:36:19+00:00\",\"dateModified\":\"2023-09-27T08:31:01+00:00\",\"description\":\"Media | FSIMOES Arquitectos Associados\",\"breadcrumb\":{\"@id\":\"https:\/\/fsimoes.pt\/media\/#breadcrumb\"},\"inLanguage\":\"en-US\",\"potentialAction\":[{\"@type\":\"ReadAction\",\"target\":[\"https:\/\/fsimoes.pt\/media\/\"]}]},{\"@type\":\"BreadcrumbList\",\"@id\":\"https:\/\/fsimoes.pt\/media\/#breadcrumb\",\"itemListElement\":[{\"@type\":\"ListItem\",\"position\":1,\"name\":\"In\u00edcio\",\"item\":\"https:\/\/fsimoes.pt\/\"},{\"@type\":\"ListItem\",\"position\":2,\"name\":\"Media\"}]},{\"@type\":\"WebSite\",\"@id\":\"https:\/\/fsimoes.pt\/#website\",\"url\":\"https:\/\/fsimoes.pt\/\",\"name\":\"Atelier de Arquitetura em Lisboa | FSIMOES Arquitetos Associados\",\"description\":\"Atelier de arquitetura em Lisboa fundado pelo Arq.\u00ba Francisco Sim\u00f5es. Especialistas em projetos de habita\u00e7\u00e3o, reabilita\u00e7\u00e3o e design. Conhe\u00e7a o nosso portf\u00f3lio!\",\"publisher\":{\"@id\":\"https:\/\/fsimoes.pt\/#organization\"},\"potentialAction\":[{\"@type\":\"SearchAction\",\"target\":{\"@type\":\"EntryPoint\",\"urlTemplate\":\"https:\/\/fsimoes.pt\/?s={search_term_string}\"},\"query-input\":{\"@type\":\"PropertyValueSpecification\",\"valueRequired\":true,\"valueName\":\"search_term_string\"}}],\"inLanguage\":\"en-US\"},{\"@type\":\"Organization\",\"@id\":\"https:\/\/fsimoes.pt\/#organization\",\"name\":\"Atelier de Arquitetura em Lisboa | FSIMOES Arquitetos Associados\",\"alternateName\":\"FSIMOES Arquitetos | Projetos e Reabilita\u00e7\u00e3o em Lisboa\",\"url\":\"https:\/\/fsimoes.pt\/\",\"logo\":{\"@type\":\"ImageObject\",\"inLanguage\":\"en-US\",\"@id\":\"https:\/\/fsimoes.pt\/#\/schema\/logo\/image\/\",\"url\":\"https:\/\/fsimoes.pt\/wp-content\/uploads\/2015\/04\/separador.png\",\"contentUrl\":\"https:\/\/fsimoes.pt\/wp-content\/uploads\/2015\/04\/separador.png\",\"width\":298,\"height\":298,\"caption\":\"Atelier de Arquitetura em Lisboa | FSIMOES Arquitetos Associados\"},\"image\":{\"@id\":\"https:\/\/fsimoes.pt\/#\/schema\/logo\/image\/\"},\"sameAs\":[\"https:\/\/www.facebook.com\/fsimoes.arq\/\",\"https:\/\/x.com\/fsimoesarq\",\"https:\/\/www.instagram.com\/fsimoes.arq\/\",\"https:\/\/www.linkedin.com\/company\/fsim\u00f5es-arquitectos-associados\",\"https:\/\/www.youtube.com\/channel\/UCRfYMmkzIWI-2-wlSep1NwA\"]}]}<\/script>\n<!-- \/ Yoast SEO plugin. -->","yoast_head_json":{"title":"Media | FSIMOES Arquitectos Associados","description":"Media | FSIMOES Arquitectos Associados","robots":{"index":"index","follow":"follow","max-snippet":"max-snippet:-1","max-image-preview":"max-image-preview:large","max-video-preview":"max-video-preview:-1"},"canonical":"https:\/\/fsimoes.pt\/media\/","og_locale":"en_US","og_type":"article","og_title":"Media | FSIMOES Arquitectos Associados","og_description":"Media | FSIMOES Arquitectos Associados","og_url":"https:\/\/fsimoes.pt\/media\/","og_site_name":"FSIMOES Arquitectos Associados","article_publisher":"https:\/\/www.facebook.com\/fsimoes.arq\/","article_modified_time":"2023-09-27T08:31:01+00:00","twitter_card":"summary_large_image","twitter_site":"@fsimoesarq","twitter_misc":{"Est. reading time":"1 minute"},"schema":{"@context":"https:\/\/schema.org","@graph":[{"@type":"WebPage","@id":"https:\/\/fsimoes.pt\/media\/","url":"https:\/\/fsimoes.pt\/media\/","name":"Media | FSIMOES Arquitectos Associados","isPartOf":{"@id":"https:\/\/fsimoes.pt\/#website"},"datePublished":"2019-07-27T19:36:19+00:00","dateModified":"2023-09-27T08:31:01+00:00","description":"Media | FSIMOES Arquitectos Associados","breadcrumb":{"@id":"https:\/\/fsimoes.pt\/media\/#breadcrumb"},"inLanguage":"en-US","potentialAction":[{"@type":"ReadAction","target":["https:\/\/fsimoes.pt\/media\/"]}]},{"@type":"BreadcrumbList","@id":"https:\/\/fsimoes.pt\/media\/#breadcrumb","itemListElement":[{"@type":"ListItem","position":1,"name":"In\u00edcio","item":"https:\/\/fsimoes.pt\/"},{"@type":"ListItem","position":2,"name":"Media"}]},{"@type":"WebSite","@id":"https:\/\/fsimoes.pt\/#website","url":"https:\/\/fsimoes.pt\/","name":"Atelier de Arquitetura em Lisboa | FSIMOES Arquitetos Associados","description":"Atelier de arquitetura em Lisboa fundado pelo Arq.\u00ba Francisco Sim\u00f5es. Especialistas em projetos de habita\u00e7\u00e3o, reabilita\u00e7\u00e3o e design. Conhe\u00e7a o nosso portf\u00f3lio!","publisher":{"@id":"https:\/\/fsimoes.pt\/#organization"},"potentialAction":[{"@type":"SearchAction","target":{"@type":"EntryPoint","urlTemplate":"https:\/\/fsimoes.pt\/?s={search_term_string}"},"query-input":{"@type":"PropertyValueSpecification","valueRequired":true,"valueName":"search_term_string"}}],"inLanguage":"en-US"},{"@type":"Organization","@id":"https:\/\/fsimoes.pt\/#organization","name":"Atelier de Arquitetura em Lisboa | FSIMOES Arquitetos Associados","alternateName":"FSIMOES Arquitetos | Projetos e Reabilita\u00e7\u00e3o em Lisboa","url":"https:\/\/fsimoes.pt\/","logo":{"@type":"ImageObject","inLanguage":"en-US","@id":"https:\/\/fsimoes.pt\/#\/schema\/logo\/image\/","url":"https:\/\/fsimoes.pt\/wp-content\/uploads\/2015\/04\/separador.png","contentUrl":"https:\/\/fsimoes.pt\/wp-content\/uploads\/2015\/04\/separador.png","width":298,"height":298,"caption":"Atelier de Arquitetura em Lisboa | FSIMOES Arquitetos Associados"},"image":{"@id":"https:\/\/fsimoes.pt\/#\/schema\/logo\/image\/"},"sameAs":["https:\/\/www.facebook.com\/fsimoes.arq\/","https:\/\/x.com\/fsimoesarq","https:\/\/www.instagram.com\/fsimoes.arq\/","https:\/\/www.linkedin.com\/company\/fsim\u00f5es-arquitectos-associados","https:\/\/www.youtube.com\/channel\/UCRfYMmkzIWI-2-wlSep1NwA"]}]}},"_links":{"self":[{"href":"https:\/\/fsimoes.pt\/en\/wp-json\/wp\/v2\/pages\/4981","targetHints":{"allow":["GET"]}}],"collection":[{"href":"https:\/\/fsimoes.pt\/en\/wp-json\/wp\/v2\/pages"}],"about":[{"href":"https:\/\/fsimoes.pt\/en\/wp-json\/wp\/v2\/types\/page"}],"author":[{"embeddable":true,"href":"https:\/\/fsimoes.pt\/en\/wp-json\/wp\/v2\/users\/8"}],"replies":[{"embeddable":true,"href":"https:\/\/fsimoes.pt\/en\/wp-json\/wp\/v2\/comments?post=4981"}],"version-history":[{"count":3,"href":"https:\/\/fsimoes.pt\/en\/wp-json\/wp\/v2\/pages\/4981\/revisions"}],"predecessor-version":[{"id":5028,"href":"https:\/\/fsimoes.pt\/en\/wp-json\/wp\/v2\/pages\/4981\/revisions\/5028"}],"wp:attachment":[{"href":"https:\/\/fsimoes.pt\/en\/wp-json\/wp\/v2\/media?parent=4981"}],"curies":[{"name":"wp","href":"https:\/\/api.w.org\/{rel}","templated":true}]}}